{"id":28,"date":"2025-11-03T09:19:22","date_gmt":"2025-11-03T08:19:22","guid":{"rendered":"https:\/\/mdglodz.pl\/?page_id=28"},"modified":"2025-11-25T07:01:40","modified_gmt":"2025-11-25T06:01:40","slug":"nasze-projekty-i-realizacje","status":"publish","type":"page","link":"https:\/\/mdglodz.pl\/index.php\/nasze-projekty-i-realizacje\/","title":{"rendered":"Nasze Projekty i Realizacje"},"content":{"rendered":"\n<div class=\"wp-block-group alignfull has-base-background-color has-background has-global-padding is-layout-constrained wp-container-core-group-is-layout-dc9f2eed wp-block-group-is-layout-constrained\" style=\"margin-top:0;margin-bottom:0;padding-top:var(--wp--preset--spacing--50);padding-right:var(--wp--preset--spacing--30);padding-bottom:var(--wp--preset--spacing--50);padding-left:var(--wp--preset--spacing--30)\">\n<div class=\"wp-block-group alignwide is-vertical is-layout-flex wp-container-core-group-is-layout-3a78c621 wp-block-group-is-layout-flex\" style=\"margin-bottom:var(--wp--preset--spacing--40)\">\n<div class=\"wp-block-group has-global-padding is-layout-constrained wp-block-group-is-layout-constrained\">\n<h2 class=\"wp-block-heading has-large-font-size\">Poznaj nasze aktualne i zako\u0144czone projekty<\/h2>\n\n\n\n<p style=\"margin-top:16px\">Ta strona przedstawia nasze realizacje w \u0141odzi: przy ul. Str\u0105\u017cyskiej, Sosnowe Wzg\u00f3rze i Herbowej, ukazuj\u0105c ich unikalny charakter i jako\u015b\u0107 wykonania.<\/p>\n<\/div>\n<\/div>\n\n\n\n<div class=\"wp-block-columns alignwide is-layout-flex wp-container-core-columns-is-layout-28f84493 wp-block-columns-is-layout-flex\">\n<div class=\"wp-block-column is-layout-flow wp-block-column-is-layout-flow\">\n<div class=\"wp-block-cover has-custom-content-position is-position-bottom-center\" style=\"padding-top:var(--wp--preset--spacing--70);padding-right:var(--wp--preset--spacing--30);padding-bottom:var(--wp--preset--spacing--70);padding-left:var(--wp--preset--spacing--30);min-height:40vh;aspect-ratio:unset;\"><img loading=\"lazy\" decoding=\"async\" width=\"1024\" height=\"680\" class=\"wp-block-cover__image-background wp-image-61 size-large\" alt=\"\" src=\"http:\/\/mdglodz.pl\/wp-content\/uploads\/2025\/11\/DSC8669-1024x680.jpg\" data-object-fit=\"cover\" srcset=\"https:\/\/mdglodz.pl\/wp-content\/uploads\/2025\/11\/DSC8669-1024x680.jpg 1024w, https:\/\/mdglodz.pl\/wp-content\/uploads\/2025\/11\/DSC8669-300x199.jpg 300w, https:\/\/mdglodz.pl\/wp-content\/uploads\/2025\/11\/DSC8669-768x510.jpg 768w, https:\/\/mdglodz.pl\/wp-content\/uploads\/2025\/11\/DSC8669-1536x1020.jpg 1536w, https:\/\/mdglodz.pl\/wp-content\/uploads\/2025\/11\/DSC8669-2048x1360.jpg 2048w\" sizes=\"auto, (max-width: 1024px) 100vw, 1024px\" \/><span aria-hidden=\"true\" class=\"wp-block-cover__background has-black-background-color has-background-dim-60 has-background-dim\"><\/span><div class=\"wp-block-cover__inner-container is-layout-flow wp-block-cover-is-layout-flow\">\n<div class=\"wp-block-group has-global-padding is-layout-constrained wp-block-group-is-layout-constrained\">\n<h4 class=\"wp-block-heading has-white-color has-text-color has-small-font-size\" style=\"margin-top:24px;font-style:normal;font-weight:400\">Inwestycja przy ul. Str\u0105\u017cyskiej<\/h4>\n\n\n\n<h3 class=\"wp-block-heading has-white-color has-text-color has-medium-font-size\" style=\"margin-top:12px\"><a href=\"https:\/\/mdglodz.pl\/index.php\/galeria-budowy-strazyska\/\" data-type=\"page\" data-id=\"87\">Galeria zdj\u0119\u0107 ul. Str\u0105\u017cyska<\/a><\/h3>\n<\/div>\n<\/div><\/div>\n<\/div>\n\n\n\n<div class=\"wp-block-column is-layout-flow wp-block-column-is-layout-flow\">\n<div class=\"wp-block-cover has-custom-content-position is-position-bottom-center\" style=\"padding-top:var(--wp--preset--spacing--70);padding-right:var(--wp--preset--spacing--30);padding-bottom:var(--wp--preset--spacing--70);padding-left:var(--wp--preset--spacing--30);min-height:40vh;aspect-ratio:unset;\"><img loading=\"lazy\" decoding=\"async\" width=\"960\" height=\"1440\" class=\"wp-block-cover__image-background wp-image-94\" alt=\"\" src=\"http:\/\/mdglodz.pl\/wp-content\/uploads\/2025\/11\/fee5ac7ec5e610a7c03094aaa91afbc0d7670a00.jpg\" data-object-fit=\"cover\" srcset=\"https:\/\/mdglodz.pl\/wp-content\/uploads\/2025\/11\/fee5ac7ec5e610a7c03094aaa91afbc0d7670a00.jpg 960w, https:\/\/mdglodz.pl\/wp-content\/uploads\/2025\/11\/fee5ac7ec5e610a7c03094aaa91afbc0d7670a00-200x300.jpg 200w, https:\/\/mdglodz.pl\/wp-content\/uploads\/2025\/11\/fee5ac7ec5e610a7c03094aaa91afbc0d7670a00-683x1024.jpg 683w, https:\/\/mdglodz.pl\/wp-content\/uploads\/2025\/11\/fee5ac7ec5e610a7c03094aaa91afbc0d7670a00-768x1152.jpg 768w\" sizes=\"auto, (max-width: 960px) 100vw, 960px\" \/><span aria-hidden=\"true\" class=\"wp-block-cover__background has-black-background-color has-background-dim-60 has-background-dim\"><\/span><div class=\"wp-block-cover__inner-container is-layout-flow wp-block-cover-is-layout-flow\">\n<div class=\"wp-block-group has-global-padding is-layout-constrained wp-block-group-is-layout-constrained\">\n<h4 class=\"wp-block-heading has-white-color has-text-color has-small-font-size\" style=\"margin-top:24px;font-style:normal;font-weight:400\">Osiedle Sosnowe Wzg\u00f3rze<\/h4>\n\n\n\n<h3 class=\"wp-block-heading has-white-color has-text-color has-medium-font-size\" style=\"margin-top:12px\">Galeria zdj\u0119\u0107 ul. Sosnowe Wzg\u00f3rze<\/h3>\n<\/div>\n<\/div><\/div>\n<\/div>\n\n\n\n<div class=\"wp-block-column is-layout-flow wp-block-column-is-layout-flow\">\n<div class=\"wp-block-cover has-custom-content-position is-position-bottom-center\" style=\"padding-top:var(--wp--preset--spacing--70);padding-right:var(--wp--preset--spacing--30);padding-bottom:var(--wp--preset--spacing--70);padding-left:var(--wp--preset--spacing--30);min-height:40vh;aspect-ratio:unset;\"><img loading=\"lazy\" decoding=\"async\" width=\"1024\" height=\"461\" class=\"wp-block-cover__image-background wp-image-53 size-large\" alt=\"\" src=\"http:\/\/mdglodz.pl\/wp-content\/uploads\/2025\/11\/1634540305237-1024x461.jpg\" data-object-fit=\"cover\" srcset=\"https:\/\/mdglodz.pl\/wp-content\/uploads\/2025\/11\/1634540305237-1024x461.jpg 1024w, https:\/\/mdglodz.pl\/wp-content\/uploads\/2025\/11\/1634540305237-300x135.jpg 300w, https:\/\/mdglodz.pl\/wp-content\/uploads\/2025\/11\/1634540305237-768x346.jpg 768w, https:\/\/mdglodz.pl\/wp-content\/uploads\/2025\/11\/1634540305237-1536x691.jpg 1536w, https:\/\/mdglodz.pl\/wp-content\/uploads\/2025\/11\/1634540305237-2048x922.jpg 2048w\" sizes=\"auto, (max-width: 1024px) 100vw, 1024px\" \/><span aria-hidden=\"true\" class=\"wp-block-cover__background has-black-background-color has-background-dim-60 has-background-dim\"><\/span><div class=\"wp-block-cover__inner-container is-layout-flow wp-block-cover-is-layout-flow\">\n<div class=\"wp-block-group has-global-padding is-layout-constrained wp-block-group-is-layout-constrained\">\n<h4 class=\"wp-block-heading has-white-color has-text-color has-small-font-size\" style=\"margin-top:24px;font-style:normal;font-weight:400\">Zabudowa przy ul. Herbowej<\/h4>\n\n\n\n<h3 class=\"wp-block-heading has-white-color has-text-color has-medium-font-size\" style=\"margin-top:12px\"><a href=\"https:\/\/mdglodz.pl\/index.php\/galeria-budowy-herbowej\/\" data-type=\"page\" data-id=\"90\">Galeria zdj\u0119\u0107 ul. Herbowa<\/a><\/h3>\n<\/div>\n<\/div><\/div>\n<\/div>\n<\/div>\n\n\n\n<div class=\"wp-block-columns alignwide is-layout-flex wp-container-core-columns-is-layout-28f84493 wp-block-columns-is-layout-flex\">\n<div class=\"wp-block-column is-layout-flow wp-block-column-is-layout-flow\"><\/div>\n\n\n\n<div class=\"wp-block-column is-layout-flow wp-block-column-is-layout-flow\"><\/div>\n\n\n\n<div class=\"wp-block-column is-layout-flow wp-block-column-is-layout-flow\"><\/div>\n<\/div>\n<\/div>\n","protected":false},"excerpt":{"rendered":"<p>Poznaj nasze aktualne i zako\u0144czone projekty Ta strona przedstawia nasze realizacje w \u0141odzi: przy ul. Str\u0105\u017cyskiej, Sosnowe Wzg\u00f3rze i Herbowej, ukazuj\u0105c ich unikalny charakter i jako\u015b\u0107 wykonania.<\/p>\n","protected":false},"author":1,"featured_media":0,"parent":0,"menu_order":0,"comment_status":"closed","ping_status":"closed","template":"page-no-title","meta":{"footnotes":""},"class_list":["post-28","page","type-page","status-publish","hentry"],"_links":{"self":[{"href":"https:\/\/mdglodz.pl\/index.php\/wp-json\/wp\/v2\/pages\/28","targetHints":{"allow":["GET"]}}],"collection":[{"href":"https:\/\/mdglodz.pl\/index.php\/wp-json\/wp\/v2\/pages"}],"about":[{"href":"https:\/\/mdglodz.pl\/index.php\/wp-json\/wp\/v2\/types\/page"}],"author":[{"embeddable":true,"href":"https:\/\/mdglodz.pl\/index.php\/wp-json\/wp\/v2\/users\/1"}],"replies":[{"embeddable":true,"href":"https:\/\/mdglodz.pl\/index.php\/wp-json\/wp\/v2\/comments?post=28"}],"version-history":[{"count":11,"href":"https:\/\/mdglodz.pl\/index.php\/wp-json\/wp\/v2\/pages\/28\/revisions"}],"predecessor-version":[{"id":120,"href":"https:\/\/mdglodz.pl\/index.php\/wp-json\/wp\/v2\/pages\/28\/revisions\/120"}],"wp:attachment":[{"href":"https:\/\/mdglodz.pl\/index.php\/wp-json\/wp\/v2\/media?parent=28"}],"curies":[{"name":"wp","href":"https:\/\/api.w.org\/{rel}","templated":true}]}}