{"id":90,"date":"2025-11-03T10:01:19","date_gmt":"2025-11-03T09:01:19","guid":{"rendered":"https:\/\/mdglodz.pl\/?page_id=90"},"modified":"2025-11-03T10:31:51","modified_gmt":"2025-11-03T09:31:51","slug":"galeria-budowy-herbowej","status":"publish","type":"page","link":"https:\/\/mdglodz.pl\/index.php\/galeria-budowy-herbowej\/","title":{"rendered":"Galeria Budowy Herbowej"},"content":{"rendered":"\n<div class=\"wp-block-group alignfull has-base-background-color has-background has-global-padding is-layout-constrained wp-container-core-group-is-layout-4664d727 wp-block-group-is-layout-constrained\" style=\"margin-top:0;margin-bottom:0;padding-top:var(--wp--preset--spacing--50);padding-right:var(--wp--preset--spacing--30);padding-bottom:var(--wp--preset--spacing--50);padding-left:var(--wp--preset--spacing--30)\">\n<div class=\"wp-block-group alignwide is-vertical is-layout-flex wp-container-core-group-is-layout-fe9cc265 wp-block-group-is-layout-flex\">\n<div class=\"wp-block-group alignwide has-global-padding is-content-justification-left is-layout-constrained wp-container-core-group-is-layout-8b4c372c wp-block-group-is-layout-constrained\">\n<h2 class=\"wp-block-heading has-large-font-size\">Galeria dokumentuj\u0105ca budow\u0119 na Herbowej.<\/h2>\n\n\n\n<p style=\"margin-top:16px\">Zdj\u0119cia przedstawiaj\u0105ce etapy konstrukcji dom\u00f3w jednorodzinnych i wielorodzinnych.<\/p>\n<\/div>\n<\/div>\n\n\n\n<div class=\"wp-block-columns alignwide is-layout-flex wp-container-core-columns-is-layout-28f84493 wp-block-columns-is-layout-flex\">\n<div class=\"wp-block-column is-layout-flow wp-block-column-is-layout-flow\" style=\"flex-basis:50%\">\n<div class=\"wp-block-cover is-light\" style=\"min-height:100%;aspect-ratio:unset;\"><img loading=\"lazy\" decoding=\"async\" width=\"1024\" height=\"1024\" class=\"wp-block-cover__image-background wp-image-37 size-large\" alt=\"\" src=\"http:\/\/mdglodz.pl\/wp-content\/uploads\/2025\/11\/20200311_090155-1024x1024.jpg\" data-object-fit=\"cover\" srcset=\"https:\/\/mdglodz.pl\/wp-content\/uploads\/2025\/11\/20200311_090155-1024x1024.jpg 1024w, https:\/\/mdglodz.pl\/wp-content\/uploads\/2025\/11\/20200311_090155-300x300.jpg 300w, https:\/\/mdglodz.pl\/wp-content\/uploads\/2025\/11\/20200311_090155-150x150.jpg 150w, https:\/\/mdglodz.pl\/wp-content\/uploads\/2025\/11\/20200311_090155-768x768.jpg 768w, https:\/\/mdglodz.pl\/wp-content\/uploads\/2025\/11\/20200311_090155-1536x1536.jpg 1536w, https:\/\/mdglodz.pl\/wp-content\/uploads\/2025\/11\/20200311_090155-2048x2048.jpg 2048w\" sizes=\"auto, (max-width: 1024px) 100vw, 1024px\" \/><span aria-hidden=\"true\" class=\"wp-block-cover__background has-background-dim-0 has-background-dim\" style=\"background-color:#909091\"><\/span><div class=\"wp-block-cover__inner-container is-layout-flow wp-block-cover-is-layout-flow\">\n<div style=\"height:380px\" aria-hidden=\"true\" class=\"wp-block-spacer\"><\/div>\n<\/div><\/div>\n<\/div>\n\n\n\n<div class=\"wp-block-column is-layout-flow wp-container-core-column-is-layout-f5bb311e wp-block-column-is-layout-flow\">\n<figure class=\"wp-block-image size-large ext-aspect-landscape\"><img loading=\"lazy\" decoding=\"async\" width=\"1024\" height=\"1024\" src=\"http:\/\/mdglodz.pl\/wp-content\/uploads\/2025\/11\/20200316_133325-1024x1024.jpg\" alt=\"\" class=\"wp-image-40\" style=\"aspect-ratio:1;object-fit:cover\" srcset=\"https:\/\/mdglodz.pl\/wp-content\/uploads\/2025\/11\/20200316_133325-1024x1024.jpg 1024w, https:\/\/mdglodz.pl\/wp-content\/uploads\/2025\/11\/20200316_133325-300x300.jpg 300w, https:\/\/mdglodz.pl\/wp-content\/uploads\/2025\/11\/20200316_133325-150x150.jpg 150w, https:\/\/mdglodz.pl\/wp-content\/uploads\/2025\/11\/20200316_133325-768x768.jpg 768w, https:\/\/mdglodz.pl\/wp-content\/uploads\/2025\/11\/20200316_133325-1536x1536.jpg 1536w, https:\/\/mdglodz.pl\/wp-content\/uploads\/2025\/11\/20200316_133325-2048x2048.jpg 2048w\" sizes=\"auto, (max-width: 1024px) 100vw, 1024px\" \/><\/figure>\n\n\n\n<figure class=\"wp-block-image size-large ext-aspect-landscape\"><img loading=\"lazy\" decoding=\"async\" width=\"485\" height=\"1024\" src=\"http:\/\/mdglodz.pl\/wp-content\/uploads\/2025\/11\/20200915_115854-485x1024.jpg\" alt=\"\" class=\"wp-image-47\" style=\"aspect-ratio:1;object-fit:cover\" srcset=\"https:\/\/mdglodz.pl\/wp-content\/uploads\/2025\/11\/20200915_115854-485x1024.jpg 485w, https:\/\/mdglodz.pl\/wp-content\/uploads\/2025\/11\/20200915_115854-142x300.jpg 142w, https:\/\/mdglodz.pl\/wp-content\/uploads\/2025\/11\/20200915_115854-768x1620.jpg 768w, https:\/\/mdglodz.pl\/wp-content\/uploads\/2025\/11\/20200915_115854-728x1536.jpg 728w, https:\/\/mdglodz.pl\/wp-content\/uploads\/2025\/11\/20200915_115854-971x2048.jpg 971w, https:\/\/mdglodz.pl\/wp-content\/uploads\/2025\/11\/20200915_115854-scaled.jpg 1213w\" sizes=\"auto, (max-width: 485px) 100vw, 485px\" \/><\/figure>\n<\/div>\n\n\n\n<div class=\"wp-block-column is-layout-flow wp-container-core-column-is-layout-f5bb311e wp-block-column-is-layout-flow\">\n<figure class=\"wp-block-image size-large ext-aspect-landscape\"><img loading=\"lazy\" decoding=\"async\" width=\"1024\" height=\"1024\" src=\"http:\/\/mdglodz.pl\/wp-content\/uploads\/2025\/11\/20200407_084951-1024x1024.jpg\" alt=\"\" class=\"wp-image-44\" style=\"aspect-ratio:1;object-fit:cover\" srcset=\"https:\/\/mdglodz.pl\/wp-content\/uploads\/2025\/11\/20200407_084951-1024x1024.jpg 1024w, https:\/\/mdglodz.pl\/wp-content\/uploads\/2025\/11\/20200407_084951-300x300.jpg 300w, https:\/\/mdglodz.pl\/wp-content\/uploads\/2025\/11\/20200407_084951-150x150.jpg 150w, https:\/\/mdglodz.pl\/wp-content\/uploads\/2025\/11\/20200407_084951-768x768.jpg 768w, https:\/\/mdglodz.pl\/wp-content\/uploads\/2025\/11\/20200407_084951-1536x1536.jpg 1536w, https:\/\/mdglodz.pl\/wp-content\/uploads\/2025\/11\/20200407_084951-2048x2048.jpg 2048w\" sizes=\"auto, (max-width: 1024px) 100vw, 1024px\" \/><\/figure>\n\n\n\n<figure class=\"wp-block-image size-large ext-aspect-landscape\"><img loading=\"lazy\" decoding=\"async\" width=\"1024\" height=\"461\" src=\"http:\/\/mdglodz.pl\/wp-content\/uploads\/2025\/11\/1634540305237-1024x461.jpg\" alt=\"\" class=\"wp-image-53\" style=\"aspect-ratio:1;object-fit:cover\" srcset=\"https:\/\/mdglodz.pl\/wp-content\/uploads\/2025\/11\/1634540305237-1024x461.jpg 1024w, https:\/\/mdglodz.pl\/wp-content\/uploads\/2025\/11\/1634540305237-300x135.jpg 300w, https:\/\/mdglodz.pl\/wp-content\/uploads\/2025\/11\/1634540305237-768x346.jpg 768w, https:\/\/mdglodz.pl\/wp-content\/uploads\/2025\/11\/1634540305237-1536x691.jpg 1536w, https:\/\/mdglodz.pl\/wp-content\/uploads\/2025\/11\/1634540305237-2048x922.jpg 2048w\" sizes=\"auto, (max-width: 1024px) 100vw, 1024px\" \/><\/figure>\n<\/div>\n<\/div>\n<\/div>\n\n\n\n<div class=\"wp-block-group alignfull has-base-2-background-color has-background has-global-padding is-layout-constrained wp-container-core-group-is-layout-4664d727 wp-block-group-is-layout-constrained\" style=\"margin-top:0;margin-bottom:0;padding-top:var(--wp--preset--spacing--50);padding-right:var(--wp--preset--spacing--30);padding-bottom:var(--wp--preset--spacing--50);padding-left:var(--wp--preset--spacing--30)\">\n<div class=\"wp-block-group alignwide is-vertical is-layout-flex wp-container-core-group-is-layout-fe9cc265 wp-block-group-is-layout-flex\">\n<div class=\"wp-block-group has-global-padding is-layout-constrained wp-block-group-is-layout-constrained\">\n<h2 class=\"wp-block-heading has-large-font-size\">Galeria budowy na ulicy Herbowej.<\/h2>\n\n\n\n<p style=\"margin-top:16px\">Zdj\u0119cia prezentuj\u0105ce kolejne etapy budowy dom\u00f3w jednorodzinnych i wielorodzinnych, podkre\u015blaj\u0105ce solidno\u015b\u0107 i wysok\u0105 jako\u015b\u0107 wykonania.<\/p>\n<\/div>\n<\/div>\n\n\n\n<div class=\"wp-block-columns alignwide is-layout-flex wp-container-core-columns-is-layout-967d05ff wp-block-columns-is-layout-flex\" style=\"margin-top:var(--wp--preset--spacing--40)\">\n<div class=\"wp-block-column is-layout-flow wp-block-column-is-layout-flow\" style=\"flex-basis:33.33%\">\n<figure class=\"wp-block-image size-large\"><img loading=\"lazy\" decoding=\"async\" width=\"1024\" height=\"1024\" src=\"http:\/\/mdglodz.pl\/wp-content\/uploads\/2025\/11\/20200407_084951-1024x1024.jpg\" alt=\"\" class=\"wp-image-44\" style=\"aspect-ratio:2\/3;object-fit:cover\" srcset=\"https:\/\/mdglodz.pl\/wp-content\/uploads\/2025\/11\/20200407_084951-1024x1024.jpg 1024w, https:\/\/mdglodz.pl\/wp-content\/uploads\/2025\/11\/20200407_084951-300x300.jpg 300w, https:\/\/mdglodz.pl\/wp-content\/uploads\/2025\/11\/20200407_084951-150x150.jpg 150w, https:\/\/mdglodz.pl\/wp-content\/uploads\/2025\/11\/20200407_084951-768x768.jpg 768w, https:\/\/mdglodz.pl\/wp-content\/uploads\/2025\/11\/20200407_084951-1536x1536.jpg 1536w, https:\/\/mdglodz.pl\/wp-content\/uploads\/2025\/11\/20200407_084951-2048x2048.jpg 2048w\" sizes=\"auto, (max-width: 1024px) 100vw, 1024px\" \/><\/figure>\n\n\n\n<h4 class=\"wp-block-heading has-small-font-size\" style=\"margin-top:24px;font-style:normal;font-weight:400\">Etap fundament\u00f3w<\/h4>\n\n\n\n<h3 class=\"wp-block-heading has-medium-font-size\" style=\"margin-top:12px\">Fundamenty<\/h3>\n<\/div>\n\n\n\n<div class=\"wp-block-column is-layout-flow wp-block-column-is-layout-flow\" style=\"flex-basis:66.66%\">\n<figure class=\"wp-block-image size-large\"><img loading=\"lazy\" decoding=\"async\" width=\"1024\" height=\"485\" src=\"http:\/\/mdglodz.pl\/wp-content\/uploads\/2025\/11\/20200915_120147-1024x485.jpg\" alt=\"\" class=\"wp-image-48\" style=\"aspect-ratio:4\/3;object-fit:cover\" srcset=\"https:\/\/mdglodz.pl\/wp-content\/uploads\/2025\/11\/20200915_120147-1024x485.jpg 1024w, https:\/\/mdglodz.pl\/wp-content\/uploads\/2025\/11\/20200915_120147-300x142.jpg 300w, https:\/\/mdglodz.pl\/wp-content\/uploads\/2025\/11\/20200915_120147-768x363.jpg 768w, https:\/\/mdglodz.pl\/wp-content\/uploads\/2025\/11\/20200915_120147-1536x727.jpg 1536w, https:\/\/mdglodz.pl\/wp-content\/uploads\/2025\/11\/20200915_120147-2048x969.jpg 2048w\" sizes=\"auto, (max-width: 1024px) 100vw, 1024px\" \/><\/figure>\n\n\n\n<h4 class=\"wp-block-heading has-small-font-size\" style=\"margin-top:24px;font-style:normal;font-weight:400\">Etap konstrukcji \u015bcian<\/h4>\n\n\n\n<h3 class=\"wp-block-heading has-medium-font-size\" style=\"margin-top:12px\">\u015aciany no\u015bne<\/h3>\n<\/div>\n<\/div>\n\n\n\n<div class=\"wp-block-columns alignwide is-layout-flex wp-container-core-columns-is-layout-08c01c1c wp-block-columns-is-layout-flex\">\n<div class=\"wp-block-column is-layout-flow wp-block-column-is-layout-flow\" style=\"flex-basis:66.66%\">\n<figure class=\"wp-block-image size-large\"><img loading=\"lazy\" decoding=\"async\" width=\"1024\" height=\"461\" src=\"http:\/\/mdglodz.pl\/wp-content\/uploads\/2025\/11\/1634540321695-1024x461.jpg\" alt=\"\" class=\"wp-image-54\" style=\"aspect-ratio:4\/3;object-fit:cover\" srcset=\"https:\/\/mdglodz.pl\/wp-content\/uploads\/2025\/11\/1634540321695-1024x461.jpg 1024w, https:\/\/mdglodz.pl\/wp-content\/uploads\/2025\/11\/1634540321695-300x135.jpg 300w, https:\/\/mdglodz.pl\/wp-content\/uploads\/2025\/11\/1634540321695-768x346.jpg 768w, https:\/\/mdglodz.pl\/wp-content\/uploads\/2025\/11\/1634540321695-1536x691.jpg 1536w, https:\/\/mdglodz.pl\/wp-content\/uploads\/2025\/11\/1634540321695-2048x922.jpg 2048w\" sizes=\"auto, (max-width: 1024px) 100vw, 1024px\" \/><\/figure>\n\n\n\n<h4 class=\"wp-block-heading has-small-font-size\" style=\"margin-top:24px;font-style:normal;font-weight:400\">Prace dachowe<\/h4>\n\n\n\n<h3 class=\"wp-block-heading has-medium-font-size\" style=\"margin-top:12px\">Dach<\/h3>\n<\/div>\n\n\n\n<div class=\"wp-block-column is-layout-flow wp-block-column-is-layout-flow\" style=\"flex-basis:33.33%\">\n<figure class=\"wp-block-image size-large\"><img loading=\"lazy\" decoding=\"async\" width=\"768\" height=\"1024\" src=\"http:\/\/mdglodz.pl\/wp-content\/uploads\/2025\/11\/20220407_184744-768x1024.jpg\" alt=\"\" class=\"wp-image-49\" style=\"aspect-ratio:2\/3;object-fit:cover\" srcset=\"https:\/\/mdglodz.pl\/wp-content\/uploads\/2025\/11\/20220407_184744-768x1024.jpg 768w, https:\/\/mdglodz.pl\/wp-content\/uploads\/2025\/11\/20220407_184744-225x300.jpg 225w, https:\/\/mdglodz.pl\/wp-content\/uploads\/2025\/11\/20220407_184744-1152x1536.jpg 1152w, https:\/\/mdglodz.pl\/wp-content\/uploads\/2025\/11\/20220407_184744-1536x2048.jpg 1536w, https:\/\/mdglodz.pl\/wp-content\/uploads\/2025\/11\/20220407_184744-scaled.jpg 1920w\" sizes=\"auto, (max-width: 768px) 100vw, 768px\" \/><\/figure>\n\n\n\n<h4 class=\"wp-block-heading has-small-font-size\" style=\"margin-top:24px;font-style:normal;font-weight:400\">Wyko\u0144czenia i detale<\/h4>\n\n\n\n<h3 class=\"wp-block-heading has-medium-font-size\" style=\"margin-top:12px\">Detale<\/h3>\n<\/div>\n<\/div>\n<\/div>\n\n\n\n<p><\/p>\n","protected":false},"excerpt":{"rendered":"<p>Galeria dokumentuj\u0105ca budow\u0119 na Herbowej. Zdj\u0119cia przedstawiaj\u0105ce etapy konstrukcji dom\u00f3w jednorodzinnych i wielorodzinnych. Galeria budowy na ulicy Herbowej. Zdj\u0119cia prezentuj\u0105ce kolejne etapy budowy dom\u00f3w jednorodzinnych i wielorodzinnych, podkre\u015blaj\u0105ce solidno\u015b\u0107 i wysok\u0105 jako\u015b\u0107 wykonania. Etap fundament\u00f3w Fundamenty Etap konstrukcji \u015bcian \u015aciany no\u015bne Prace dachowe Dach Wyko\u0144czenia i detale Detale<\/p>\n","protected":false},"author":1,"featured_media":0,"parent":0,"menu_order":0,"comment_status":"closed","ping_status":"closed","template":"page-no-title","meta":{"footnotes":""},"class_list":["post-90","page","type-page","status-publish","hentry"],"_links":{"self":[{"href":"https:\/\/mdglodz.pl\/index.php\/wp-json\/wp\/v2\/pages\/90","targetHints":{"allow":["GET"]}}],"collection":[{"href":"https:\/\/mdglodz.pl\/index.php\/wp-json\/wp\/v2\/pages"}],"about":[{"href":"https:\/\/mdglodz.pl\/index.php\/wp-json\/wp\/v2\/types\/page"}],"author":[{"embeddable":true,"href":"https:\/\/mdglodz.pl\/index.php\/wp-json\/wp\/v2\/users\/1"}],"replies":[{"embeddable":true,"href":"https:\/\/mdglodz.pl\/index.php\/wp-json\/wp\/v2\/comments?post=90"}],"version-history":[{"count":2,"href":"https:\/\/mdglodz.pl\/index.php\/wp-json\/wp\/v2\/pages\/90\/revisions"}],"predecessor-version":[{"id":97,"href":"https:\/\/mdglodz.pl\/index.php\/wp-json\/wp\/v2\/pages\/90\/revisions\/97"}],"wp:attachment":[{"href":"https:\/\/mdglodz.pl\/index.php\/wp-json\/wp\/v2\/media?parent=90"}],"curies":[{"name":"wp","href":"https:\/\/api.w.org\/{rel}","templated":true}]}}